
{"id":3,"date":"2024-10-29T19:53:39","date_gmt":"2024-10-29T19:53:39","guid":{"rendered":"http:\/\/officejobz.be\/?page_id=3"},"modified":"2024-12-18T12:11:48","modified_gmt":"2024-12-18T11:11:48","slug":"privacy-policy","status":"publish","type":"page","link":"https:\/\/www.officejobz.be\/fr\/privacy-policy\/","title":{"rendered":"Privacy Policy"},"content":{"rendered":"<div data-elementor-type=\"wp-page\" data-elementor-id=\"3\" class=\"elementor elementor-3\" data-elementor-post-type=\"page\">\n\t\t\t\t<div class=\"elementor-element elementor-element-bdd7329 e-flex e-con-boxed e-con e-parent\" data-id=\"bdd7329\" data-element_type=\"container\" data-e-type=\"container\" data-settings=\"{&quot;background_background&quot;:&quot;classic&quot;}\">\n\t\t\t\t\t<div class=\"e-con-inner\">\n\t\t<div class=\"elementor-element elementor-element-471c060 e-con-full ccc e-flex e-con e-child\" data-id=\"471c060\" data-element_type=\"container\" data-e-type=\"container\">\n\t\t\t\t<div class=\"elementor-element elementor-element-e69b484 elementor-widget elementor-widget-heading\" data-id=\"e69b484\" data-element_type=\"widget\" data-e-type=\"widget\" data-widget_type=\"heading.default\">\n\t\t\t\t<div class=\"elementor-widget-container\">\n\t\t\t\t\t<h2 class=\"elementor-heading-title elementor-size-default\">Politique de confidentialit\u00e9<\/h2>\t\t\t\t<\/div>\n\t\t\t\t<\/div>\n\t\t\t\t<div class=\"elementor-element elementor-element-902880c job-guide elementor-widget elementor-widget-text-editor\" data-id=\"902880c\" data-element_type=\"widget\" data-e-type=\"widget\" data-widget_type=\"text-editor.default\">\n\t\t\t\t<div class=\"elementor-widget-container\">\n\t\t\t\t\t\t\t\t\t<div class=\"elementor-element elementor-element-902880c job-guide elementor-widget elementor-widget-text-editor\" data-id=\"902880c\" data-element_type=\"widget\" data-widget_type=\"text-editor.default\"><div class=\"elementor-widget-container\"><div><div class=\"elementor-element elementor-element-902880c gmail-job-guide elementor-widget elementor-widget-text-editor\"><div class=\"elementor-widget-container\"><p>Officejobz.be respecte les pr\u00e9occupations de chacun en mati\u00e8re de protection de la vie priv\u00e9e. Votre visite sur ce site web (<a href=\"http:\/\/www.officejobz.be\/fr\/\" target=\"_blank\" rel=\"noreferrer nofollow noopener\">www.officejobz.be<\/a>) est soumise aux conditions \u00e9nonc\u00e9es dans la pr\u00e9sente politique de confidentialit\u00e9 ainsi qu'\u00e0 nos conditions d'utilisation.<\/p><p>La pr\u00e9sente politique de confidentialit\u00e9 d\u00e9crit les types de donn\u00e9es \u00e0 caract\u00e8re personnel que nous collectons, la mani\u00e8re dont nous utilisons ces donn\u00e9es et les personnes avec lesquelles elles sont partag\u00e9es.<\/p><p>Cette politique de confidentialit\u00e9 s'applique uniquement \u00e0 nos activit\u00e9s en ligne et est valable pour les visiteurs de notre site web en ce qui concerne les informations qu'ils partagent et\/ou collectent sur officejobz.be. Cette politique ne s'applique pas aux informations collect\u00e9es hors ligne ou via d'autres canaux que ce site web.<\/p><h2>Consentement<\/h2><p>En utilisant notre site web, vous consentez par la pr\u00e9sente \u00e0 notre politique de confidentialit\u00e9 et en acceptez les termes.<\/p><h2>Informations collect\u00e9es<\/h2><p>Les informations personnelles qu'il vous est demand\u00e9 de fournir, et les raisons pour lesquelles il vous est demand\u00e9 de les fournir, vous seront pr\u00e9cis\u00e9es lorsqu'il vous sera demand\u00e9 de fournir vos informations personnelles.<\/p><p>Si vous nous contactez directement, nous pouvons recevoir des informations suppl\u00e9mentaires vous concernant, telles que votre nom, votre adresse \u00e9lectronique, votre num\u00e9ro de t\u00e9l\u00e9phone, le contenu du message et\/ou des pi\u00e8ces jointes que vous pouvez nous envoyer, ainsi que toute autre information que vous pouvez choisir de fournir.<\/p><h2>Cookies et autres technologies de suivi<\/h2><p>Comme tout autre site web, <a href=\"https:\/\/www.officejobz.be\/fr\/\" target=\"_blank\" rel=\"noreferrer nofollow noopener\">officejobz.be<\/a> et nos partenaires tiers, tels que nos partenaires publicitaires et analytiques, utilisent des cookies et d'autres technologies de suivi pour fournir des fonctionnalit\u00e9s et vous reconna\u00eetre sur diff\u00e9rents services et appareils. Il convient de noter que <a href=\"https:\/\/www.officejobz.be\/fr\/\" target=\"_blank\" rel=\"noreferrer nofollow noopener\">officejobz.be<\/a> n'a aucun acc\u00e8s ou contr\u00f4le sur ces cookies utilis\u00e9s par des annonceurs tiers.<\/p><h2>Google DoubleClick DART Cookie<\/h2><p>Google est l'un des fournisseurs tiers de notre site. Il utilise \u00e9galement des cookies, connus sous le nom de cookies DART, pour diffuser des annonces aux visiteurs de notre site en fonction de leur visite sur www.officejobz.be et d'autres sites sur Internet. Toutefois, les visiteurs peuvent choisir de refuser l'utilisation des cookies DART en consultant les r\u00e8gles de confidentialit\u00e9 du r\u00e9seau d'annonces et de contenu de Google \u00e0 l'adresse suivante : . <a href=\"https:\/\/policies.google.com\/technologies\/ads\" target=\"_blank\" rel=\"noreferrer nofollow noopener\">https:\/\/policies.google.com\/technologies\/ads<\/a><\/p><h2>Gestion des cookies et des technologies de suivi<\/h2><p>La plupart des navigateurs web vous permettent de g\u00e9rer les param\u00e8tres des cookies et de refuser les cookies non essentiels. Vous pouvez configurer votre navigateur pour qu'il bloque ou supprime les cookies, ou pour qu'il vous avertisse lorsqu'un cookie est en cours d'installation. Toutefois, veuillez noter que la d\u00e9sactivation de certains cookies peut avoir une incidence sur la fonctionnalit\u00e9 du site web, par exemple en limitant l'acc\u00e8s \u00e0 certaines fonctions ou en emp\u00eachant le site de m\u00e9moriser vos pr\u00e9f\u00e9rences.<\/p><h2>Comment nous utilisons vos informations<\/h2><p>Nous utilisons les informations que nous recueillons de diff\u00e9rentes mani\u00e8res, notamment pour :<\/p><ul><li>Fournir, exploiter et maintenir notre site web<\/li><li>Am\u00e9liorer, personnaliser et d\u00e9velopper notre site web<\/li><li>Comprendre et analyser la fa\u00e7on dont vous utilisez notre site web<\/li><li>D\u00e9velopper de nouveaux produits, services, caract\u00e9ristiques et fonctionnalit\u00e9s<\/li><li>communiquer avec vous, soit directement, soit par l'interm\u00e9diaire de l'un de nos partenaires, notamment pour le service client\u00e8le, pour vous fournir des mises \u00e0 jour et d'autres informations relatives au site web, ainsi qu'\u00e0 des fins de marketing et de promotion<\/li><li>Vous envoyer des courriels<\/li><li>D\u00e9tecter et pr\u00e9venir la fraude<\/li><\/ul><h2>Bulletin d'information<\/h2><p>Nous conservons votre adresse \u00e9lectronique si vous vous inscrivez \u00e0 notre lettre d'information et\/ou si vous demandez \u00e0 \u00eatre recommand\u00e9. Cela dit, votre adresse \u00e9lectronique et d'autres informations ne seront utilis\u00e9es que pour vous envoyer des bulletins d'information et\/ou pour vous recommander \u00e0 des employeurs qui utilisent les services de l'Agence. <a href=\"https:\/\/www.officejobz.be\/fr\/\" target=\"_blank\" rel=\"noreferrer nofollow noopener\">officejobz.be<\/a>. Vos informations ne seront pas transmises \u00e0 d'autres entreprises.<\/p><p>Vous pouvez vous d\u00e9sinscrire de notre newsletter \u00e0 tout moment en cliquant sur \"unsubscribe\".<\/p><h2>M\u00e9dias sociaux<\/h2><p>Si vous interagissez avec <a href=\"https:\/\/www.officejobz.be\/fr\/\" target=\"_blank\" rel=\"noreferrer nofollow noopener\">officejobz.be<\/a> sur les plateformes de m\u00e9dias sociaux, <a href=\"https:\/\/www.officejobz.be\/fr\/\" target=\"_blank\" rel=\"noreferrer nofollow noopener\">officejobz.be<\/a> peuvent obtenir des informations vous concernant. Les informations (si elles sont re\u00e7ues) d\u00e9pendront des pr\u00e9f\u00e9rences de confidentialit\u00e9 que vous avez d\u00e9finies sur cette plateforme de m\u00e9dias sociaux.<\/p><h2>Informations compl\u00e9mentaires<\/h2><p>Officejobz.be ne vend pas, n'\u00e9change pas et ne loue pas les donn\u00e9es personnelles divulgu\u00e9es sur les visiteurs de son site, sauf dans les cas d\u00e9crits ici.<\/p><h2>GDPR Droits \u00e0 la protection des donn\u00e9es<\/h2><p>Nous souhaitons nous assurer que vous \u00eates pleinement conscient de vos droits en mati\u00e8re de protection des donn\u00e9es. Chaque utilisateur a droit \u00e0 ce qui suit :<\/p><p>Droit de rectification - Vous avez le droit de nous demander de corriger toute information que vous estimez inexacte. Vous avez \u00e9galement le droit de nous demander de compl\u00e9ter les informations que vous estimez incompl\u00e8tes.<\/p><p>Le droit \u00e0 l'effacement - Vous avez le droit de nous demander d'effacer vos donn\u00e9es personnelles, sous certaines conditions.<\/p><p>Le droit de restreindre le traitement - Vous avez le droit de nous demander de restreindre le traitement de vos donn\u00e9es personnelles, sous certaines conditions.<\/p><p>Le droit de s'opposer au traitement - Vous avez le droit de vous opposer \u00e0 ce que nous traitions vos donn\u00e9es personnelles, sous certaines conditions.<\/p><p>Droit \u00e0 la portabilit\u00e9 des donn\u00e9es - Vous avez le droit de nous demander de transf\u00e9rer les donn\u00e9es que nous avons collect\u00e9es \u00e0 une autre organisation, ou directement \u00e0 vous, sous certaines conditions.<\/p><p>Si vous faites une demande, nous disposons d'un mois pour vous r\u00e9pondre. Si vous souhaitez exercer l'un de ces droits, veuillez nous contacter \u00e0 l'adresse suivante <a href=\"mailto:info@officejobz.be\" rel=\"noreferrer nofollow noopener\">info@officejobz.be<\/a><\/p><p>Toutefois, il convient de noter que des exceptions s'appliquent \u00e0 un certain nombre de ces droits et que tous les droits ne sont pas applicables dans toutes les circonstances.<\/p><h2>Assurer la s\u00e9curit\u00e9 de vos informations<\/h2><p>Lorsque vous nous communiquez des informations personnelles, nous prenons des mesures pour nous assurer que des contr\u00f4les techniques et organisationnels appropri\u00e9s sont en place pour les prot\u00e9ger.<\/p><p>Bien qu'aucun syst\u00e8me ne soit 100% s\u00fbr, nous nous engageons \u00e0 am\u00e9liorer continuellement nos pratiques de s\u00e9curit\u00e9 afin de prot\u00e9ger vos informations personnelles contre les risques et les violations.<\/p><h2>Mises \u00e0 jour de cette politique<\/h2><p>Nous pouvons mettre \u00e0 jour cette politique de temps \u00e0 autre. Toute modification sera publi\u00e9e sur ce site web. Nous vous encourageons donc \u00e0 consulter r\u00e9guli\u00e8rement cette page pour rester inform\u00e9. Si des mises \u00e0 jour importantes sont effectu\u00e9es, nous les mettrons en \u00e9vidence afin de nous assurer que vous \u00eates au courant des changements.<\/p><p>Le pr\u00e9sent r\u00e9sum\u00e9 de la politique de confidentialit\u00e9 a \u00e9t\u00e9 mis \u00e0 jour pour la derni\u00e8re fois le 29 octobre 2024.<\/p><\/div><\/div><\/div><\/div><\/div>\t\t\t\t\t\t\t\t<\/div>\n\t\t\t\t<\/div>\n\t\t\t\t<\/div>\n\t\t\t\t\t<\/div>\n\t\t\t\t<\/div>\n\t\t\t\t<\/div>","protected":false},"excerpt":{"rendered":"<p>Privacy policy Officejobz.be respects individual&#8217;s concerns about privacy. Your visit to this website (www.officejobz.be) is subject to the terms set out in this Privacy Policy as well as our Terms of Use. This Privacy Policy describes the types of personal data we collect, how we use that data and who it is shared with. This [&hellip;]<\/p>","protected":false},"author":1,"featured_media":0,"parent":0,"menu_order":0,"comment_status":"closed","ping_status":"closed","template":"","meta":{"om_disable_all_campaigns":false,"_monsterinsights_skip_tracking":false,"_monsterinsights_sitenote_active":false,"_monsterinsights_sitenote_note":"","_monsterinsights_sitenote_category":0,"footnotes":""},"class_list":["post-3","page","type-page","status-publish","hentry"],"aioseo_notices":[],"cubewp_post_meta":[],"taxonomies":[],"_links":{"self":[{"href":"https:\/\/www.officejobz.be\/fr\/wp-json\/wp\/v2\/pages\/3","targetHints":{"allow":["GET"]}}],"collection":[{"href":"https:\/\/www.officejobz.be\/fr\/wp-json\/wp\/v2\/pages"}],"about":[{"href":"https:\/\/www.officejobz.be\/fr\/wp-json\/wp\/v2\/types\/page"}],"author":[{"embeddable":true,"href":"https:\/\/www.officejobz.be\/fr\/wp-json\/wp\/v2\/users\/1"}],"replies":[{"embeddable":true,"href":"https:\/\/www.officejobz.be\/fr\/wp-json\/wp\/v2\/comments?post=3"}],"version-history":[{"count":31,"href":"https:\/\/www.officejobz.be\/fr\/wp-json\/wp\/v2\/pages\/3\/revisions"}],"predecessor-version":[{"id":2659,"href":"https:\/\/www.officejobz.be\/fr\/wp-json\/wp\/v2\/pages\/3\/revisions\/2659"}],"wp:attachment":[{"href":"https:\/\/www.officejobz.be\/fr\/wp-json\/wp\/v2\/media?parent=3"}],"curies":[{"name":"wp","href":"https:\/\/api.w.org\/{rel}","templated":true}]}}