
{"id":2396,"date":"2024-12-11T19:03:42","date_gmt":"2024-12-11T19:03:42","guid":{"rendered":"https:\/\/officejobz.be\/?page_id=2396"},"modified":"2024-12-11T19:04:53","modified_gmt":"2024-12-11T19:04:53","slug":"why-the-z","status":"publish","type":"page","link":"https:\/\/www.officejobz.be\/fr\/why-the-z\/","title":{"rendered":"Pourquoi le Z ?"},"content":{"rendered":"<div data-elementor-type=\"wp-page\" data-elementor-id=\"2396\" class=\"elementor elementor-2396\" data-elementor-post-type=\"page\">\n\t\t\t\t<div class=\"elementor-element elementor-element-5ff9c61 e-flex e-con-boxed e-con e-parent\" data-id=\"5ff9c61\" data-element_type=\"container\" data-e-type=\"container\" data-settings=\"{&quot;background_background&quot;:&quot;classic&quot;}\">\n\t\t\t\t\t<div class=\"e-con-inner\">\n\t\t<div class=\"elementor-element elementor-element-d5c1c4f e-con-full e-flex e-con e-child\" data-id=\"d5c1c4f\" data-element_type=\"container\" data-e-type=\"container\">\n\t\t\t\t<div class=\"elementor-element elementor-element-eddfa4f elementor-widget elementor-widget-heading\" data-id=\"eddfa4f\" data-element_type=\"widget\" data-e-type=\"widget\" data-widget_type=\"heading.default\">\n\t\t\t\t<div class=\"elementor-widget-container\">\n\t\t\t\t\t<h2 class=\"elementor-heading-title elementor-size-default\">Pourquoi le Z ?<\/h2>\t\t\t\t<\/div>\n\t\t\t\t<\/div>\n\t\t\t\t<div class=\"elementor-element elementor-element-c14af3b job-guide elementor-widget elementor-widget-text-editor\" data-id=\"c14af3b\" data-element_type=\"widget\" data-e-type=\"widget\" data-widget_type=\"text-editor.default\">\n\t\t\t\t<div class=\"elementor-widget-container\">\n\t\t\t\t\t\t\t\t\t<div><p>Chez <strong><a href=\"https:\/\/www.officejobz.be\/fr\/\" target=\"_blank\" rel=\"noreferrer nofollow noopener\">officejobz.be<\/a><\/strong>, nous avons choisi d'\u00e9crire \"jobz\" avec un \"z\" plut\u00f4t qu'avec un \"s\" pour plusieurs raisons, toutes li\u00e9es \u00e0 la cr\u00e9ation d'une marque unique, m\u00e9morable et moderne.<\/p><ol><li><p><strong>Identit\u00e9 et unicit\u00e9 de la marque<\/strong><br \/>Le \"z\" de \"jobz\" aide notre marque \u00e0 se d\u00e9marquer sur un march\u00e9 concurrentiel. Il ne s'agit pas d'un portail d'emploi comme les autres, mais d'une destination fra\u00eeche, distinctive et imm\u00e9diatement reconnaissable. L'orthographe unique nous aide \u00e0 nous diff\u00e9rencier et laisse une impression durable sur les demandeurs d'emploi et les employeurs.<\/p><\/li><li><p><strong>Attirer un public connect\u00e9 et tourn\u00e9 vers le num\u00e9rique<\/strong><br \/>Le \"z\" refl\u00e8te \u00e9galement la nature innovante et dynamique de notre plateforme. Notre objectif est de connecter des professionnels avec les bonnes opportunit\u00e9s, en proposant une approche moderne et ludique qui attire les jeunes \u00e0 la recherche d'un nouveau mode de recherche d'emploi.<\/p><\/li><li><p><strong>Recherche et r\u00e9f\u00e9rencement<\/strong><br \/>En utilisant un \"z\", nous optimisons notre marque pour les moteurs de recherche. Avec un nom unique, il est plus facile pour les internautes de nous trouver en ligne, m\u00eame lorsqu'ils recherchent des termes courants tels que \"emplois de bureau\". Le \"z\" contribue \u00e0 accro\u00eetre notre visibilit\u00e9 et permet aux demandeurs d'emploi de trouver rapidement le poste qui leur convient.<\/p><\/li><\/ol><p>En fin de compte, il ne s'agit pas seulement d'orthographe, mais aussi de cr\u00e9er une exp\u00e9rience m\u00e9morable et attrayante pour les demandeurs d'emploi et les employeurs. Et c'est exactement ce que <strong><a href=\"https:\/\/www.officejobz.be\/fr\/\" target=\"_blank\" rel=\"noreferrer nofollow noopener\">officejobz.be<\/a><\/strong> vise \u00e0 faire.<\/p><\/div>\t\t\t\t\t\t\t\t<\/div>\n\t\t\t\t<\/div>\n\t\t\t\t<\/div>\n\t\t\t\t\t<\/div>\n\t\t\t\t<\/div>\n\t\t\t\t<\/div>","protected":false},"excerpt":{"rendered":"<p>Why the Z? At officejobz.be, we chose to spell &#8220;jobz&#8221; with a &#8220;z&#8221; rather than an &#8220;s&#8221; for several reasons, all rooted in creating a unique, memorable, and modern brand. Brand Identity &amp; UniquenessThe &#8220;z&#8221; in &#8220;jobz&#8221; helps our brand stand out in a competitive market. It&#8217;s not just another job portal, it&#8217;s a destination [&hellip;]<\/p>","protected":false},"author":1,"featured_media":0,"parent":0,"menu_order":0,"comment_status":"closed","ping_status":"closed","template":"","meta":{"om_disable_all_campaigns":false,"_monsterinsights_skip_tracking":false,"_monsterinsights_sitenote_active":false,"_monsterinsights_sitenote_note":"","_monsterinsights_sitenote_category":0,"footnotes":""},"class_list":["post-2396","page","type-page","status-publish","hentry"],"aioseo_notices":[],"cubewp_post_meta":[],"taxonomies":[],"_links":{"self":[{"href":"https:\/\/www.officejobz.be\/fr\/wp-json\/wp\/v2\/pages\/2396","targetHints":{"allow":["GET"]}}],"collection":[{"href":"https:\/\/www.officejobz.be\/fr\/wp-json\/wp\/v2\/pages"}],"about":[{"href":"https:\/\/www.officejobz.be\/fr\/wp-json\/wp\/v2\/types\/page"}],"author":[{"embeddable":true,"href":"https:\/\/www.officejobz.be\/fr\/wp-json\/wp\/v2\/users\/1"}],"replies":[{"embeddable":true,"href":"https:\/\/www.officejobz.be\/fr\/wp-json\/wp\/v2\/comments?post=2396"}],"version-history":[{"count":4,"href":"https:\/\/www.officejobz.be\/fr\/wp-json\/wp\/v2\/pages\/2396\/revisions"}],"predecessor-version":[{"id":2403,"href":"https:\/\/www.officejobz.be\/fr\/wp-json\/wp\/v2\/pages\/2396\/revisions\/2403"}],"wp:attachment":[{"href":"https:\/\/www.officejobz.be\/fr\/wp-json\/wp\/v2\/media?parent=2396"}],"curies":[{"name":"wp","href":"https:\/\/api.w.org\/{rel}","templated":true}]}}