
{"id":2278,"date":"2024-12-06T16:39:10","date_gmt":"2024-12-06T16:39:10","guid":{"rendered":"https:\/\/officejobz.be\/?page_id=2278"},"modified":"2024-12-11T11:37:04","modified_gmt":"2024-12-11T11:37:04","slug":"our-mission","status":"publish","type":"page","link":"https:\/\/www.officejobz.be\/fr\/our-mission\/","title":{"rendered":"Notre mission"},"content":{"rendered":"<div data-elementor-type=\"wp-page\" data-elementor-id=\"2278\" class=\"elementor elementor-2278\" data-elementor-post-type=\"page\">\n\t\t\t\t<div class=\"elementor-element elementor-element-510d4f6 e-flex e-con-boxed e-con e-parent\" data-id=\"510d4f6\" data-element_type=\"container\" data-e-type=\"container\" data-settings=\"{&quot;background_background&quot;:&quot;classic&quot;}\">\n\t\t\t\t\t<div class=\"e-con-inner\">\n\t\t<div class=\"elementor-element elementor-element-a29683e e-con-full e-flex e-con e-child\" data-id=\"a29683e\" data-element_type=\"container\" data-e-type=\"container\">\n\t\t\t\t<div class=\"elementor-element elementor-element-5d80e47 elementor-widget elementor-widget-heading\" data-id=\"5d80e47\" data-element_type=\"widget\" data-e-type=\"widget\" data-widget_type=\"heading.default\">\n\t\t\t\t<div class=\"elementor-widget-container\">\n\t\t\t\t\t<h2 class=\"elementor-heading-title elementor-size-default\">Notre mission<\/h2>\t\t\t\t<\/div>\n\t\t\t\t<\/div>\n\t\t\t\t<div class=\"elementor-element elementor-element-059d4ec job-guide elementor-widget elementor-widget-text-editor\" data-id=\"059d4ec\" data-element_type=\"widget\" data-e-type=\"widget\" data-widget_type=\"text-editor.default\">\n\t\t\t\t<div class=\"elementor-widget-container\">\n\t\t\t\t\t\t\t\t\t<p>Chez OfficeJobz.be, nous croyons en la cr\u00e9ation d'un impact social durable et en l'offre d'opportunit\u00e9s pour tous. Notre mission est simple : mettre en relation des demandeurs d'emploi avec des emplois de bureau int\u00e9ressants dans toute la Belgique, en aidant les individus \u00e0 construire des carri\u00e8res r\u00e9ussies tout en contribuant \u00e0 la croissance des entreprises et des communaut\u00e9s.<\/p><p>Nous comprenons que pour trouver le bon emploi, il ne suffit pas de faire correspondre des comp\u00e9tences \u00e0 des postes. Il s'agit d'offrir des opportunit\u00e9s qui responsabilisent les personnes, soutiennent la diversit\u00e9 et conduisent \u00e0 des changements positifs. Nous sommes passionn\u00e9s par la cr\u00e9ation d'une plateforme qui favorise l'\u00e9galit\u00e9 des chances pour tous, en aidant les personnes talentueuses \u00e0 lib\u00e9rer leur potentiel et \u00e0 s'\u00e9panouir sur le lieu de travail.<\/p><p>En nous concentrant sur les fonctions de bureau et en donnant la priorit\u00e9 aux relations personnelles, nous visons \u00e0 rendre le processus de recherche d'emploi plus facile, plus transparent et, en fin de compte, plus gratifiant tant pour les demandeurs d'emploi que pour les employeurs. Ensemble, nous pouvons cr\u00e9er un avenir meilleur et une main-d'\u0153uvre plus inclusive.<\/p>\t\t\t\t\t\t\t\t<\/div>\n\t\t\t\t<\/div>\n\t\t\t\t<\/div>\n\t\t\t\t\t<\/div>\n\t\t\t\t<\/div>\n\t\t\t\t<\/div>","protected":false},"excerpt":{"rendered":"<p>Our mission At OfficeJobz.be, we believe in creating lasting social impact and providing opportunities for everyone. Our mission is simple: to connect job seekers with meaningful office-based roles across Belgium, helping individuals build successful careers while contributing to the growth of businesses and communities. We understand that finding the right job is about more than [&hellip;]<\/p>","protected":false},"author":1,"featured_media":0,"parent":0,"menu_order":0,"comment_status":"closed","ping_status":"closed","template":"","meta":{"om_disable_all_campaigns":false,"_monsterinsights_skip_tracking":false,"_monsterinsights_sitenote_active":false,"_monsterinsights_sitenote_note":"","_monsterinsights_sitenote_category":0,"footnotes":""},"class_list":["post-2278","page","type-page","status-publish","hentry"],"aioseo_notices":[],"cubewp_post_meta":[],"taxonomies":[],"_links":{"self":[{"href":"https:\/\/www.officejobz.be\/fr\/wp-json\/wp\/v2\/pages\/2278","targetHints":{"allow":["GET"]}}],"collection":[{"href":"https:\/\/www.officejobz.be\/fr\/wp-json\/wp\/v2\/pages"}],"about":[{"href":"https:\/\/www.officejobz.be\/fr\/wp-json\/wp\/v2\/types\/page"}],"author":[{"embeddable":true,"href":"https:\/\/www.officejobz.be\/fr\/wp-json\/wp\/v2\/users\/1"}],"replies":[{"embeddable":true,"href":"https:\/\/www.officejobz.be\/fr\/wp-json\/wp\/v2\/comments?post=2278"}],"version-history":[{"count":13,"href":"https:\/\/www.officejobz.be\/fr\/wp-json\/wp\/v2\/pages\/2278\/revisions"}],"predecessor-version":[{"id":2338,"href":"https:\/\/www.officejobz.be\/fr\/wp-json\/wp\/v2\/pages\/2278\/revisions\/2338"}],"wp:attachment":[{"href":"https:\/\/www.officejobz.be\/fr\/wp-json\/wp\/v2\/media?parent=2278"}],"curies":[{"name":"wp","href":"https:\/\/api.w.org\/{rel}","templated":true}]}}