{"id":1331,"date":"2024-11-14T21:29:03","date_gmt":"2024-11-14T21:29:03","guid":{"rendered":"https:\/\/officejobz.be\/?page_id=1331"},"modified":"2024-11-21T16:05:12","modified_gmt":"2024-11-21T16:05:12","slug":"job-seekers-guide","status":"publish","type":"page","link":"https:\/\/www.officejobz.be\/fr\/job-seekers-guide\/","title":{"rendered":"Job seeker&#8217;s guide"},"content":{"rendered":"<div data-elementor-type=\"wp-page\" data-elementor-id=\"1331\" class=\"elementor elementor-1331\" data-elementor-post-type=\"page\">\n\t\t\t\t<div class=\"elementor-element elementor-element-1d8a6a6 bg e-flex e-con-boxed e-con e-parent\" data-id=\"1d8a6a6\" data-element_type=\"container\" data-e-type=\"container\" data-settings=\"{&quot;shape_divider_bottom&quot;:&quot;opacity-tilt&quot;}\">\n\t\t\t\t\t<div class=\"e-con-inner\">\n\t\t\t\t<div class=\"elementor-shape elementor-shape-bottom\" aria-hidden=\"true\" data-negative=\"false\">\n\t\t\t<svg xmlns=\"http:\/\/www.w3.org\/2000\/svg\" viewbox=\"0 0 2600 131.1\" preserveaspectratio=\"none\">\n\t<path class=\"elementor-shape-fill\" d=\"M0 0L2600 0 2600 69.1 0 0z\"\/>\n\t<path class=\"elementor-shape-fill\" style=\"opacity:0.5\" d=\"M0 0L2600 0 2600 69.1 0 69.1z\"\/>\n\t<path class=\"elementor-shape-fill\" style=\"opacity:0.25\" d=\"M2600 0L0 0 0 130.1 2600 69.1z\"\/>\n<\/svg>\t\t<\/div>\n\t\t\t\t<div class=\"elementor-element elementor-element-a677cd8 elementor-widget elementor-widget-spacer\" data-id=\"a677cd8\" data-element_type=\"widget\" data-e-type=\"widget\" data-widget_type=\"spacer.default\">\n\t\t\t\t<div class=\"elementor-widget-container\">\n\t\t\t\t\t\t\t<div class=\"elementor-spacer\">\n\t\t\t<div class=\"elementor-spacer-inner\"><\/div>\n\t\t<\/div>\n\t\t\t\t\t\t<\/div>\n\t\t\t\t<\/div>\n\t\t\n\t\t<div class=\"elementor-element elementor-element-c2b1200 elementor-widget__width-initial home-header elementor-widget elementor-widget-text-editor\" data-id=\"c2b1200\" data-element_type=\"widget\" data-e-type=\"widget\" data-widget_type=\"text-editor.default\">\n\t\t\t\t<div class=\"elementor-widget-container\">\n\t\t\t\t\t\t\t\t\t<h2>Guide du demandeur d'emploi pour trouver un emploi <span style=\"color: #61ce70;\">en Belgique<span style=\"color: #1e1e1e;\">: Pas \u00e0 pas<\/span><\/span><\/h2><p><span style=\"color: #808080;\">Que vous soyez un jeune dipl\u00f4m\u00e9, un professionnel exp\u00e9riment\u00e9 ou que vous cherchiez \u00e0 changer de carri\u00e8re, trouver le bon emploi de bureau en Belgique peut s'av\u00e9rer \u00eatre une aventure \u00e0 la fois stimulante et passionnante. Avec son \u00e9conomie florissante, sa main-d'\u0153uvre multilingue et ses villes diversifi\u00e9es, la Belgique offre des opportunit\u00e9s incroyables. Alors, comment s'y retrouver et d\u00e9crocher l'emploi de bureau de vos r\u00eaves ?<\/span><br \/><span style=\"color: #808080;\">Voici un guide \u00e9tape par \u00e9tape :<\/span><\/p>\t\t\t\t\t\t\t\t<\/div>\n\t\t\t\t<\/div>\n\t\t\t\t<div class=\"elementor-element elementor-element-c5a3f0c job-guide elementor-widget elementor-widget-text-editor\" data-id=\"c5a3f0c\" data-element_type=\"widget\" data-e-type=\"widget\" data-widget_type=\"text-editor.default\">\n\t\t\t\t<div class=\"elementor-widget-container\">\n\t\t\t\t\t\t\t\t\t<h2>1. D\u00e9couvrez votre emploi id\u00e9al : R\u00e9flexion sur soi avant la recherche<\/h2><p>Avant de consulter les sites d'emploi et d'envoyer des CV, prenez le temps de r\u00e9fl\u00e9chir \u00e0 vos objectifs. Le march\u00e9 de l'emploi \u00e9tant concurrentiel, d\u00e9finir votre r\u00f4le id\u00e9al peut vous aider \u00e0 rester concentr\u00e9.<\/p><p><strong>Posez-vous la question :<\/strong><\/p><ul><li>Quel est l'emploi de bureau sp\u00e9cifique que je recherche ? (par exemple, assistant administratif, chef de projet, coordinateur des ressources humaines, chef de bureau)<\/li><li>Quelles sont mes comp\u00e9tences et quelles sont celles que je dois d\u00e9velopper ?<\/li><li>Je souhaite jouer un r\u00f4le dans une ville sp\u00e9cifique (Bruxelles, Anvers, Gand, Charleroi) ?<\/li><li>Est-ce que je veux travailler pour une grande entreprise ou pour une petite entreprise en d\u00e9marrage ?<\/li><\/ul><p>Un peu d'introspection peut s'av\u00e9rer tr\u00e8s utile. Elle vous donnera une orientation et vous fera gagner du temps par la suite.<\/p><h2>2. Soigner son CV et sa lettre de motivation pour qu'ils r\u00e9pondent aux normes belges<\/h2><p>En Belgique, votre CV et votre lettre de motivation doivent respecter un format sp\u00e9cifique pour faire bonne impression. Une pr\u00e9sentation claire et concise, qui met l'accent sur vos comp\u00e9tences et votre exp\u00e9rience, vous aidera \u00e0 vous d\u00e9marquer.<\/p><p><strong>Meilleures pratiques en mati\u00e8re de CV belge :<\/strong><\/p><ul><li>D\u00e9tails personnels : Indiquez votre nom, vos coordonn\u00e9es et une photo professionnelle (ce qui est courant en Belgique).<\/li><li>R\u00e9sum\u00e9 professionnel : un bref paragraphe r\u00e9sumant votre carri\u00e8re et vos objectifs.<\/li><li>Exp\u00e9rience professionnelle : Dressez la liste de vos exp\u00e9riences professionnelles les plus pertinentes dans l'ordre chronologique.<\/li><li>Formation : Dressez la liste de vos dipl\u00f4mes, certifications et de toute formation suppl\u00e9mentaire en rapport avec le poste.<\/li><li>Comp\u00e9tences : Les comp\u00e9tences linguistiques sont essentielles en Belgique - n'oubliez pas de mentionner votre ma\u00eetrise du n\u00e9erlandais, du fran\u00e7ais et\/ou de l'anglais.<\/li><li>Langues : La ma\u00eetrise de plusieurs langues peut vous donner un avantage, alors soyez pr\u00e9cis quant \u00e0 vos comp\u00e9tences linguistiques.<\/li><\/ul><p><strong>Conseils pour la lettre de motivation :<\/strong><\/p><p>Votre lettre de motivation doit mettre en \u00e9vidence les raisons pour lesquelles vous correspondez parfaitement \u00e0 l'entreprise et au poste. Restez professionnel, mais essayez de faire preuve d'un peu de personnalit\u00e9. La culture du travail en Belgique valorise \u00e0 la fois l'efficacit\u00e9 et l'ouverture d'esprit. Transmettez donc votre enthousiasme tout en restant clair et concis.<\/p><h2>3. Se pr\u00e9parer aux entretiens : Le style belge<\/h2><p>En Belgique, les entretiens d'embauche dans les bureaux sont g\u00e9n\u00e9ralement formels mais comportent souvent une touche personnelle. Les employeurs voudront savoir si vous vous int\u00e9grez bien \u00e0 la culture de l'\u00e9quipe.<\/p><p><strong>Ce \u00e0 quoi il faut s'attendre lors d'un entretien d'embauche en Belgique :<\/strong><\/p><ul><li>Questions structur\u00e9es : Soyez pr\u00eat \u00e0 r\u00e9pondre \u00e0 des questions sur votre exp\u00e9rience, sur les raisons pour lesquelles vous souhaitez travailler pour l'entreprise et sur l'ad\u00e9quation de vos comp\u00e9tences avec le poste.<\/li><li>Questions comportementales : Attendez-vous \u00e0 des questions du type : \"Racontez-moi une fois o\u00f9 vous avez \u00e9t\u00e9 confront\u00e9 \u00e0 une difficult\u00e9 au travail et comment vous l'avez g\u00e9r\u00e9e\".<\/li><li>Comp\u00e9tences linguistiques : Selon l'entreprise, il peut vous \u00eatre demand\u00e9 de d\u00e9montrer votre ma\u00eetrise du n\u00e9erlandais, du fran\u00e7ais ou de l'anglais.<\/li><li>L'ad\u00e9quation \u00e0 la culture de l'entreprise : Les employeurs \u00e9valuent souvent si votre style de travail correspond \u00e0 la culture de l'entreprise. Les entreprises belges valorisent le travail en \u00e9quipe, l'ind\u00e9pendance et la communication.<\/li><\/ul><p><strong>Conseils pour la pr\u00e9paration d'un entretien :<\/strong><\/p><ul><li>Faites des recherches sur les valeurs et la mission de l'entreprise, ainsi que sur son actualit\u00e9 r\u00e9cente.<\/li><li>Expliquez clairement pourquoi vous voulez ce poste et en quoi il correspond \u00e0 vos objectifs de carri\u00e8re.<\/li><li>Pr\u00e9parez quelques questions pour votre interlocuteur (par exemple, \"Comment l'\u00e9quipe collabore-t-elle ?\" ou \"Quelle est l'\u00e9volution de carri\u00e8re typique d'une personne occupant ce poste ?\").<\/li><\/ul><h2>4. Attentes salariales en Belgique<\/h2><p>La Belgique est r\u00e9put\u00e9e pour son excellent \u00e9quilibre entre vie professionnelle et vie priv\u00e9e, et de nombreuses entreprises proposent des horaires de travail flexibles, la possibilit\u00e9 de travailler \u00e0 distance et des cong\u00e9s g\u00e9n\u00e9reux. Les emplois de bureau sont g\u00e9n\u00e9ralement assortis de salaires comp\u00e9titifs et d'excellents avantages sociaux.<\/p><p><strong>Salaire moyen des emplois de bureau en Belgique :<\/strong><\/p><ul><li>R\u00f4les administratifs de niveau d\u00e9butant : Environ 2 000 \u20ac - 2 500 \u20ac\/mois<\/li><li>R\u00f4les d'Office Manager de niveau interm\u00e9diaire : Environ \u20ac2,500-\u20ac3,500\/mois<\/li><li>Postes de cadres sup\u00e9rieurs : 4 000 \u20ac - 6 000 \u20ac+\/mois<\/li><\/ul><p>Ces chiffres peuvent varier en fonction du secteur d'activit\u00e9, de la taille de l'entreprise et de sa localisation en Belgique. N'oubliez pas de vous renseigner sur les avantages tels que les soins de sant\u00e9, les r\u00e9gimes de pension et les indemnit\u00e9s de d\u00e9placement pendant l'entretien !<\/p><h2>5. Rester positif et continuer \u00e0 apprendre<\/h2><p>La recherche d'un emploi peut \u00eatre difficile, mais n'oubliez pas que chaque refus n'est qu'un pas de plus vers votre objectif. Restez motiv\u00e9, continuez \u00e0 am\u00e9liorer vos comp\u00e9tences et n'h\u00e9sitez pas \u00e0 demander de l'aide.<\/p><ul><li><strong>Suivre des cours en ligne<\/strong>: De nombreux sites web proposent des cours gratuits ou abordables sur les logiciels bureautique (comme Excel, Word et PowerPoint) ou sur la gestion de projet (comme Agile ou Scrum).<\/li><li><strong>Comp\u00e9tences linguistiques<\/strong>: Parler couramment le n\u00e9erlandais ou le fran\u00e7ais peut changer la donne en Belgique. Envisagez de vous inscrire \u00e0 un cours de langue si vous ne ma\u00eetrisez pas encore ces langues.<\/li><\/ul><h2>Conclusion : L'emploi de bureau de vos r\u00eaves vous attend<\/h2><p>Trouver l'emploi de bureau id\u00e9al en Belgique peut prendre un certain temps, mais en restant concentr\u00e9 sur votre objectif, vous trouverez rapidement l'opportunit\u00e9 qui vous convient le mieux. Le march\u00e9 du travail belge est plein de potentiel, alors utilisez ces conseils pour vous d\u00e9marquer, vous faire remarquer et d\u00e9crocher l'emploi de vos r\u00eaves.<br \/>Bonne chance et n'oubliez pas que chaque candidature vous rapproche un peu plus de la bonne opportunit\u00e9. <strong>\u00c0 vos marques, pr\u00eats, partez !<\/strong><\/p>\t\t\t\t\t\t\t\t<\/div>\n\t\t\t\t<\/div>\n\t\t\t\t<div class=\"elementor-element elementor-element-408b5f2 elementor-widget elementor-widget-spacer\" data-id=\"408b5f2\" data-element_type=\"widget\" data-e-type=\"widget\" data-widget_type=\"spacer.default\">\n\t\t\t\t<div class=\"elementor-widget-container\">\n\t\t\t\t\t\t\t<div class=\"elementor-spacer\">\n\t\t\t<div class=\"elementor-spacer-inner\"><\/div>\n\t\t<\/div>\n\t\t\t\t\t\t<\/div>\n\t\t\t\t<\/div>\n\t\t\t\t\t<\/div>\n\t\t\t\t<\/div>\n\t\t\t\t<\/div>","protected":false},"excerpt":{"rendered":"<p>Job seeker\u2019s guide to finding a job in Belgium: Step by Step Whether you&#8217;re a fresh graduate, an experienced professional, or looking to switch careers, finding the right office job in Belgium can feel like a challenging yet exciting adventure. With its thriving economy, multilingual workforce, and diverse cities, Belgium offers incredible opportunities. So, how [&hellip;]<\/p>","protected":false},"author":1,"featured_media":0,"parent":0,"menu_order":0,"comment_status":"closed","ping_status":"closed","template":"","meta":{"om_disable_all_campaigns":false,"_monsterinsights_skip_tracking":false,"_monsterinsights_sitenote_active":false,"_monsterinsights_sitenote_note":"","_monsterinsights_sitenote_category":0,"footnotes":""},"class_list":["post-1331","page","type-page","status-publish","hentry"],"aioseo_notices":[],"cubewp_post_meta":[],"taxonomies":[],"_links":{"self":[{"href":"https:\/\/www.officejobz.be\/fr\/wp-json\/wp\/v2\/pages\/1331","targetHints":{"allow":["GET"]}}],"collection":[{"href":"https:\/\/www.officejobz.be\/fr\/wp-json\/wp\/v2\/pages"}],"about":[{"href":"https:\/\/www.officejobz.be\/fr\/wp-json\/wp\/v2\/types\/page"}],"author":[{"embeddable":true,"href":"https:\/\/www.officejobz.be\/fr\/wp-json\/wp\/v2\/users\/1"}],"replies":[{"embeddable":true,"href":"https:\/\/www.officejobz.be\/fr\/wp-json\/wp\/v2\/comments?post=1331"}],"version-history":[{"count":79,"href":"https:\/\/www.officejobz.be\/fr\/wp-json\/wp\/v2\/pages\/1331\/revisions"}],"predecessor-version":[{"id":2032,"href":"https:\/\/www.officejobz.be\/fr\/wp-json\/wp\/v2\/pages\/1331\/revisions\/2032"}],"wp:attachment":[{"href":"https:\/\/www.officejobz.be\/fr\/wp-json\/wp\/v2\/media?parent=1331"}],"curies":[{"name":"wp","href":"https:\/\/api.w.org\/{rel}","templated":true}]}}